{"id":79,"date":"2022-06-08T15:14:45","date_gmt":"2022-06-08T18:14:45","guid":{"rendered":"https:\/\/validasite.com.br\/fncc\/?page_id=79"},"modified":"2024-05-03T14:47:06","modified_gmt":"2024-05-03T17:47:06","slug":"colabore","status":"publish","type":"page","link":"https:\/\/validasite.com.br\/fncc\/colabore\/","title":{"rendered":"Fa\u00e7a Parte"},"content":{"rendered":"\n<div class=\"wp-block-columns is-layout-flex wp-container-core-columns-is-layout-9d6595d7 wp-block-columns-is-layout-flex\">\n<div class=\"wp-block-column is-layout-flow wp-block-column-is-layout-flow\" style=\"flex-basis:100%\">\n<h2 class=\"wp-block-heading\"><strong>Sendo um volunt\u00e1rio<\/strong><\/h2>\n\n\n<div class=\"wp-block-image\">\n<figure class=\"alignleft size-full is-resized\"><img loading=\"lazy\" decoding=\"async\" width=\"200\" height=\"200\" src=\"https:\/\/validasite.com.br\/fncc\/wp-content\/uploads\/2024\/05\/voluntarios.png\" alt=\"\" class=\"wp-image-668\" style=\"width:87px;height:auto\" srcset=\"https:\/\/validasite.com.br\/fncc\/wp-content\/uploads\/2024\/05\/voluntarios.png 200w, https:\/\/validasite.com.br\/fncc\/wp-content\/uploads\/2024\/05\/voluntarios-150x150.png 150w, https:\/\/validasite.com.br\/fncc\/wp-content\/uploads\/2024\/05\/voluntarios-100x100.png 100w\" sizes=\"auto, (max-width: 200px) 100vw, 200px\" \/><\/figure>\n<\/div>\n\n\n<p>A pr\u00e1tica do voluntariado n\u00e3o \u00e9 apenas uma simples atitude de solidariedade, e sim, um ato de transfer\u00eancia de valores \u00e9ticos e sociais. Ser volunt\u00e1rio \u00e9 saber dar e receber os bens mais preciosos que temos como o amor, a felicidade, a sabedoria, o conhecimento, o tempo e a humildade.<\/p>\n\n\n\n<p>Para ser um voluntario, nos mande um e-mail com seus dados pessoais, sua cidade e qual tipo de trabalho gostaria de fazer.<\/p>\n\n\n\n<hr class=\"wp-block-separator has-alpha-channel-opacity\"\/>\n\n\n\n<h2 class=\"wp-block-heading\"><strong>Divulgando<\/strong><\/h2>\n\n\n<div class=\"wp-block-image\">\n<figure class=\"alignleft size-full is-resized\"><img loading=\"lazy\" decoding=\"async\" width=\"200\" height=\"200\" src=\"https:\/\/validasite.com.br\/fncc\/wp-content\/uploads\/2024\/05\/compartilhe.png\" alt=\"\" class=\"wp-image-669\" style=\"width:93px;height:auto\" srcset=\"https:\/\/validasite.com.br\/fncc\/wp-content\/uploads\/2024\/05\/compartilhe.png 200w, https:\/\/validasite.com.br\/fncc\/wp-content\/uploads\/2024\/05\/compartilhe-150x150.png 150w, https:\/\/validasite.com.br\/fncc\/wp-content\/uploads\/2024\/05\/compartilhe-100x100.png 100w\" sizes=\"auto, (max-width: 200px) 100vw, 200px\" \/><\/figure>\n<\/div>\n\n\n<p>\u00c9 importante divulgar a FNCC para que mais pessoas saibam do nosso trabalho e consigamos juntos ajudar mais gente. Voc\u00ea pode fazer isso divulgando nas m\u00eddias socias, curta e compartilhe nossas postagens no facebook. Voc\u00ea tamb\u00e9m pode oferecer para n\u00f3s um espa\u00e7o de divulga\u00e7\u00e3o em algum meio de comunica\u00e7\u00e3o de massa. Ou colocar nosso logotipo em seu website, panfletos, publica\u00e7\u00f5es, eventos, etc.<\/p>\n\n\n\n<hr class=\"wp-block-separator has-alpha-channel-opacity\"\/>\n\n\n\n<h2 class=\"wp-block-heading\"><strong>Fa\u00e7a doa\u00e7\u00f5es<\/strong><\/h2>\n\n\n<div class=\"wp-block-image\">\n<figure class=\"alignleft size-full is-resized\"><img loading=\"lazy\" decoding=\"async\" width=\"200\" height=\"200\" src=\"https:\/\/validasite.com.br\/fncc\/wp-content\/uploads\/2024\/05\/doacao.png\" alt=\"\" class=\"wp-image-670\" style=\"width:106px;height:auto\" srcset=\"https:\/\/validasite.com.br\/fncc\/wp-content\/uploads\/2024\/05\/doacao.png 200w, https:\/\/validasite.com.br\/fncc\/wp-content\/uploads\/2024\/05\/doacao-150x150.png 150w, https:\/\/validasite.com.br\/fncc\/wp-content\/uploads\/2024\/05\/doacao-100x100.png 100w\" sizes=\"auto, (max-width: 200px) 100vw, 200px\" \/><\/figure>\n<\/div>\n\n\n<p>A FNCC \u00e9 uma entidade sem fins lucrativos. Sem ajuda governamental, a FNCC sobrevive apenas de doa\u00e7\u00f5es particulares. Voc\u00ea pode ajudar doando medicamentos, fraldas geri\u00e1tricas, agasalhos, cobertores, produtos de higiene e limpeza, alimentos n\u00e3o perec\u00edveis, \u00e1gua pot\u00e1vel, leite longa vida, al\u00e9m de recursos financeiros\u00a0. Ou entre em contato.<\/p>\n<\/div>\n<\/div>\n","protected":false},"excerpt":{"rendered":"<p>Sendo um volunt\u00e1rio<\/p>\n<p>A pr\u00e1tica do voluntariado n\u00e3o \u00e9 apenas uma simples atitude de solidariedade, e sim, um ato de transfer\u00eancia &#8230;<\/p>\n","protected":false},"author":1,"featured_media":0,"parent":0,"menu_order":0,"comment_status":"closed","ping_status":"closed","template":"","meta":{"_acf_changed":false,"footnotes":""},"class_list":["post-79","page","type-page","status-publish","hentry"],"acf":{"frase":"Toda ajuda \u00e9 bem vinda!"},"yoast_head":"<!-- This site is optimized with the Yoast SEO plugin v22.6 - https:\/\/yoast.com\/wordpress\/plugins\/seo\/ -->\n<title>Fa\u00e7a Parte - FNCC - Frente Nacional de Combate ao C\u00e2ncer<\/title>\n<meta name=\"description\" content=\"Sendo um volunt\u00e1rio A pr\u00e1tica do voluntariado n\u00e3o \u00e9 apenas uma simples atitude de solidariedade, e sim, um ato de transfer\u00eancia de valores \u00e9ticos e\" \/>\n<meta name=\"robots\" content=\"index, follow, max-snippet:-1, max-image-preview:large, max-video-preview:-1\" \/>\n<link rel=\"canonical\" href=\"https:\/\/validasite.com.br\/fncc\/colabore\/\" \/>\n<meta property=\"og:locale\" content=\"pt_BR\" \/>\n<meta property=\"og:type\" content=\"article\" \/>\n<meta property=\"og:title\" content=\"Fa\u00e7a Parte - FNCC - Frente Nacional de Combate ao C\u00e2ncer\" \/>\n<meta property=\"og:description\" content=\"Sendo um volunt\u00e1rio A pr\u00e1tica do voluntariado n\u00e3o \u00e9 apenas uma simples atitude de solidariedade, e sim, um ato de transfer\u00eancia de valores \u00e9ticos e\" \/>\n<meta property=\"og:url\" content=\"https:\/\/validasite.com.br\/fncc\/colabore\/\" \/>\n<meta property=\"og:site_name\" content=\"FNCC - Frente Nacional de Combate ao C\u00e2ncer\" \/>\n<meta property=\"article:publisher\" content=\"https:\/\/www.facebook.com\/FNCCFrenteNacional\" \/>\n<meta property=\"article:modified_time\" content=\"2024-05-03T17:47:06+00:00\" \/>\n<meta property=\"og:image\" content=\"https:\/\/validasite.com.br\/fncc\/wp-content\/uploads\/2024\/05\/voluntarios.png\" \/>\n<meta name=\"twitter:card\" content=\"summary_large_image\" \/>\n<meta name=\"twitter:label1\" content=\"Est. tempo de leitura\" \/>\n\t<meta name=\"twitter:data1\" content=\"2 minutos\" \/>\n<script type=\"application\/ld+json\" class=\"yoast-schema-graph\">{\"@context\":\"https:\/\/schema.org\",\"@graph\":[{\"@type\":[\"Article\",\"BlogPosting\"],\"@id\":\"https:\/\/validasite.com.br\/fncc\/colabore\/#article\",\"isPartOf\":{\"@id\":\"https:\/\/validasite.com.br\/fncc\/colabore\/\"},\"author\":{\"name\":\"wf\",\"@id\":\"https:\/\/validasite.com.br\/fncc\/#\/schema\/person\/5f18269f1a1e8081988866288773e2b0\"},\"headline\":\"Fa\u00e7a Parte\",\"datePublished\":\"2022-06-08T18:14:45+00:00\",\"dateModified\":\"2024-05-03T17:47:06+00:00\",\"mainEntityOfPage\":{\"@id\":\"https:\/\/validasite.com.br\/fncc\/colabore\/\"},\"wordCount\":207,\"publisher\":{\"@id\":\"https:\/\/validasite.com.br\/fncc\/#organization\"},\"image\":{\"@id\":\"https:\/\/validasite.com.br\/fncc\/colabore\/#primaryimage\"},\"thumbnailUrl\":\"https:\/\/validasite.com.br\/fncc\/wp-content\/uploads\/2024\/05\/voluntarios.png\",\"inLanguage\":\"pt-BR\"},{\"@type\":\"WebPage\",\"@id\":\"https:\/\/validasite.com.br\/fncc\/colabore\/\",\"url\":\"https:\/\/validasite.com.br\/fncc\/colabore\/\",\"name\":\"Fa\u00e7a Parte - FNCC - Frente Nacional de Combate ao C\u00e2ncer\",\"isPartOf\":{\"@id\":\"https:\/\/validasite.com.br\/fncc\/#website\"},\"primaryImageOfPage\":{\"@id\":\"https:\/\/validasite.com.br\/fncc\/colabore\/#primaryimage\"},\"image\":{\"@id\":\"https:\/\/validasite.com.br\/fncc\/colabore\/#primaryimage\"},\"thumbnailUrl\":\"https:\/\/validasite.com.br\/fncc\/wp-content\/uploads\/2024\/05\/voluntarios.png\",\"datePublished\":\"2022-06-08T18:14:45+00:00\",\"dateModified\":\"2024-05-03T17:47:06+00:00\",\"description\":\"Sendo um volunt\u00e1rio A pr\u00e1tica do voluntariado n\u00e3o \u00e9 apenas uma simples atitude de solidariedade, e sim, um ato de transfer\u00eancia de valores \u00e9ticos e\",\"breadcrumb\":{\"@id\":\"https:\/\/validasite.com.br\/fncc\/colabore\/#breadcrumb\"},\"inLanguage\":\"pt-BR\",\"potentialAction\":[{\"@type\":\"ReadAction\",\"target\":[\"https:\/\/validasite.com.br\/fncc\/colabore\/\"]}]},{\"@type\":\"ImageObject\",\"inLanguage\":\"pt-BR\",\"@id\":\"https:\/\/validasite.com.br\/fncc\/colabore\/#primaryimage\",\"url\":\"https:\/\/validasite.com.br\/fncc\/wp-content\/uploads\/2024\/05\/voluntarios.png\",\"contentUrl\":\"https:\/\/validasite.com.br\/fncc\/wp-content\/uploads\/2024\/05\/voluntarios.png\",\"width\":200,\"height\":200},{\"@type\":\"BreadcrumbList\",\"@id\":\"https:\/\/validasite.com.br\/fncc\/colabore\/#breadcrumb\",\"itemListElement\":[{\"@type\":\"ListItem\",\"position\":1,\"name\":\"In\u00edcio\",\"item\":\"https:\/\/validasite.com.br\/fncc\/\"},{\"@type\":\"ListItem\",\"position\":2,\"name\":\"Fa\u00e7a Parte\"}]},{\"@type\":\"WebSite\",\"@id\":\"https:\/\/validasite.com.br\/fncc\/#website\",\"url\":\"https:\/\/validasite.com.br\/fncc\/\",\"name\":\"FNCC - Frente Nacional de Combate ao C\u00e2ncer\",\"description\":\"A FNCC \u00e9 uma institui\u00e7\u00e3o sem fins lucrativos premiada em todos as regi\u00f5es que opera no Brasil. Conhe\u00e7a um pouco sobre este importante trabalho e entre voc\u00ea tamb\u00e9m na luta contra o c\u00e2ncer. Apoie esta causa.\",\"publisher\":{\"@id\":\"https:\/\/validasite.com.br\/fncc\/#organization\"},\"alternateName\":\"FNCC\",\"potentialAction\":[{\"@type\":\"SearchAction\",\"target\":{\"@type\":\"EntryPoint\",\"urlTemplate\":\"https:\/\/validasite.com.br\/fncc\/?s={search_term_string}\"},\"query-input\":\"required name=search_term_string\"}],\"inLanguage\":\"pt-BR\"},{\"@type\":\"Organization\",\"@id\":\"https:\/\/validasite.com.br\/fncc\/#organization\",\"name\":\"FNCC\",\"alternateName\":\"Frente Nacional de Combate ao C\u00e2ncer\",\"url\":\"https:\/\/validasite.com.br\/fncc\/\",\"logo\":{\"@type\":\"ImageObject\",\"inLanguage\":\"pt-BR\",\"@id\":\"https:\/\/validasite.com.br\/fncc\/#\/schema\/logo\/image\/\",\"url\":\"https:\/\/validasite.com.br\/fncc\/wp-content\/uploads\/2024\/05\/screenshot-4.png\",\"contentUrl\":\"https:\/\/validasite.com.br\/fncc\/wp-content\/uploads\/2024\/05\/screenshot-4.png\",\"width\":1500,\"height\":1500,\"caption\":\"FNCC\"},\"image\":{\"@id\":\"https:\/\/validasite.com.br\/fncc\/#\/schema\/logo\/image\/\"},\"sameAs\":[\"https:\/\/www.facebook.com\/FNCCFrenteNacional\",\"https:\/\/www.instagram.com\/fnccnacional\/\"]},{\"@type\":\"Person\",\"@id\":\"https:\/\/validasite.com.br\/fncc\/#\/schema\/person\/5f18269f1a1e8081988866288773e2b0\",\"name\":\"wf\",\"image\":{\"@type\":\"ImageObject\",\"inLanguage\":\"pt-BR\",\"@id\":\"https:\/\/validasite.com.br\/fncc\/#\/schema\/person\/image\/\",\"url\":\"https:\/\/secure.gravatar.com\/avatar\/af5db5008fe343f8388505129e34bba4f5acf5fb848cbdd8606b15652735b53f?s=96&d=mm&r=g\",\"contentUrl\":\"https:\/\/secure.gravatar.com\/avatar\/af5db5008fe343f8388505129e34bba4f5acf5fb848cbdd8606b15652735b53f?s=96&d=mm&r=g\",\"caption\":\"wf\"},\"url\":\"https:\/\/validasite.com.br\/fncc\/author\/wf\/\"}]}<\/script>\n<!-- \/ Yoast SEO plugin. -->","yoast_head_json":{"title":"Fa\u00e7a Parte - FNCC - Frente Nacional de Combate ao C\u00e2ncer","description":"Sendo um volunt\u00e1rio A pr\u00e1tica do voluntariado n\u00e3o \u00e9 apenas uma simples atitude de solidariedade, e sim, um ato de transfer\u00eancia de valores \u00e9ticos e","robots":{"index":"index","follow":"follow","max-snippet":"max-snippet:-1","max-image-preview":"max-image-preview:large","max-video-preview":"max-video-preview:-1"},"canonical":"https:\/\/validasite.com.br\/fncc\/colabore\/","og_locale":"pt_BR","og_type":"article","og_title":"Fa\u00e7a Parte - FNCC - Frente Nacional de Combate ao C\u00e2ncer","og_description":"Sendo um volunt\u00e1rio A pr\u00e1tica do voluntariado n\u00e3o \u00e9 apenas uma simples atitude de solidariedade, e sim, um ato de transfer\u00eancia de valores \u00e9ticos e","og_url":"https:\/\/validasite.com.br\/fncc\/colabore\/","og_site_name":"FNCC - Frente Nacional de Combate ao C\u00e2ncer","article_publisher":"https:\/\/www.facebook.com\/FNCCFrenteNacional","article_modified_time":"2024-05-03T17:47:06+00:00","og_image":[{"url":"https:\/\/validasite.com.br\/fncc\/wp-content\/uploads\/2024\/05\/voluntarios.png"}],"twitter_card":"summary_large_image","twitter_misc":{"Est. tempo de leitura":"2 minutos"},"schema":{"@context":"https:\/\/schema.org","@graph":[{"@type":["Article","BlogPosting"],"@id":"https:\/\/validasite.com.br\/fncc\/colabore\/#article","isPartOf":{"@id":"https:\/\/validasite.com.br\/fncc\/colabore\/"},"author":{"name":"wf","@id":"https:\/\/validasite.com.br\/fncc\/#\/schema\/person\/5f18269f1a1e8081988866288773e2b0"},"headline":"Fa\u00e7a Parte","datePublished":"2022-06-08T18:14:45+00:00","dateModified":"2024-05-03T17:47:06+00:00","mainEntityOfPage":{"@id":"https:\/\/validasite.com.br\/fncc\/colabore\/"},"wordCount":207,"publisher":{"@id":"https:\/\/validasite.com.br\/fncc\/#organization"},"image":{"@id":"https:\/\/validasite.com.br\/fncc\/colabore\/#primaryimage"},"thumbnailUrl":"https:\/\/validasite.com.br\/fncc\/wp-content\/uploads\/2024\/05\/voluntarios.png","inLanguage":"pt-BR"},{"@type":"WebPage","@id":"https:\/\/validasite.com.br\/fncc\/colabore\/","url":"https:\/\/validasite.com.br\/fncc\/colabore\/","name":"Fa\u00e7a Parte - FNCC - Frente Nacional de Combate ao C\u00e2ncer","isPartOf":{"@id":"https:\/\/validasite.com.br\/fncc\/#website"},"primaryImageOfPage":{"@id":"https:\/\/validasite.com.br\/fncc\/colabore\/#primaryimage"},"image":{"@id":"https:\/\/validasite.com.br\/fncc\/colabore\/#primaryimage"},"thumbnailUrl":"https:\/\/validasite.com.br\/fncc\/wp-content\/uploads\/2024\/05\/voluntarios.png","datePublished":"2022-06-08T18:14:45+00:00","dateModified":"2024-05-03T17:47:06+00:00","description":"Sendo um volunt\u00e1rio A pr\u00e1tica do voluntariado n\u00e3o \u00e9 apenas uma simples atitude de solidariedade, e sim, um ato de transfer\u00eancia de valores \u00e9ticos e","breadcrumb":{"@id":"https:\/\/validasite.com.br\/fncc\/colabore\/#breadcrumb"},"inLanguage":"pt-BR","potentialAction":[{"@type":"ReadAction","target":["https:\/\/validasite.com.br\/fncc\/colabore\/"]}]},{"@type":"ImageObject","inLanguage":"pt-BR","@id":"https:\/\/validasite.com.br\/fncc\/colabore\/#primaryimage","url":"https:\/\/validasite.com.br\/fncc\/wp-content\/uploads\/2024\/05\/voluntarios.png","contentUrl":"https:\/\/validasite.com.br\/fncc\/wp-content\/uploads\/2024\/05\/voluntarios.png","width":200,"height":200},{"@type":"BreadcrumbList","@id":"https:\/\/validasite.com.br\/fncc\/colabore\/#breadcrumb","itemListElement":[{"@type":"ListItem","position":1,"name":"In\u00edcio","item":"https:\/\/validasite.com.br\/fncc\/"},{"@type":"ListItem","position":2,"name":"Fa\u00e7a Parte"}]},{"@type":"WebSite","@id":"https:\/\/validasite.com.br\/fncc\/#website","url":"https:\/\/validasite.com.br\/fncc\/","name":"FNCC - Frente Nacional de Combate ao C\u00e2ncer","description":"A FNCC \u00e9 uma institui\u00e7\u00e3o sem fins lucrativos premiada em todos as regi\u00f5es que opera no Brasil. Conhe\u00e7a um pouco sobre este importante trabalho e entre voc\u00ea tamb\u00e9m na luta contra o c\u00e2ncer. Apoie esta causa.","publisher":{"@id":"https:\/\/validasite.com.br\/fncc\/#organization"},"alternateName":"FNCC","potentialAction":[{"@type":"SearchAction","target":{"@type":"EntryPoint","urlTemplate":"https:\/\/validasite.com.br\/fncc\/?s={search_term_string}"},"query-input":"required name=search_term_string"}],"inLanguage":"pt-BR"},{"@type":"Organization","@id":"https:\/\/validasite.com.br\/fncc\/#organization","name":"FNCC","alternateName":"Frente Nacional de Combate ao C\u00e2ncer","url":"https:\/\/validasite.com.br\/fncc\/","logo":{"@type":"ImageObject","inLanguage":"pt-BR","@id":"https:\/\/validasite.com.br\/fncc\/#\/schema\/logo\/image\/","url":"https:\/\/validasite.com.br\/fncc\/wp-content\/uploads\/2024\/05\/screenshot-4.png","contentUrl":"https:\/\/validasite.com.br\/fncc\/wp-content\/uploads\/2024\/05\/screenshot-4.png","width":1500,"height":1500,"caption":"FNCC"},"image":{"@id":"https:\/\/validasite.com.br\/fncc\/#\/schema\/logo\/image\/"},"sameAs":["https:\/\/www.facebook.com\/FNCCFrenteNacional","https:\/\/www.instagram.com\/fnccnacional\/"]},{"@type":"Person","@id":"https:\/\/validasite.com.br\/fncc\/#\/schema\/person\/5f18269f1a1e8081988866288773e2b0","name":"wf","image":{"@type":"ImageObject","inLanguage":"pt-BR","@id":"https:\/\/validasite.com.br\/fncc\/#\/schema\/person\/image\/","url":"https:\/\/secure.gravatar.com\/avatar\/af5db5008fe343f8388505129e34bba4f5acf5fb848cbdd8606b15652735b53f?s=96&d=mm&r=g","contentUrl":"https:\/\/secure.gravatar.com\/avatar\/af5db5008fe343f8388505129e34bba4f5acf5fb848cbdd8606b15652735b53f?s=96&d=mm&r=g","caption":"wf"},"url":"https:\/\/validasite.com.br\/fncc\/author\/wf\/"}]}},"_links":{"self":[{"href":"https:\/\/validasite.com.br\/fncc\/wp-json\/wp\/v2\/pages\/79","targetHints":{"allow":["GET"]}}],"collection":[{"href":"https:\/\/validasite.com.br\/fncc\/wp-json\/wp\/v2\/pages"}],"about":[{"href":"https:\/\/validasite.com.br\/fncc\/wp-json\/wp\/v2\/types\/page"}],"author":[{"embeddable":true,"href":"https:\/\/validasite.com.br\/fncc\/wp-json\/wp\/v2\/users\/1"}],"replies":[{"embeddable":true,"href":"https:\/\/validasite.com.br\/fncc\/wp-json\/wp\/v2\/comments?post=79"}],"version-history":[{"count":30,"href":"https:\/\/validasite.com.br\/fncc\/wp-json\/wp\/v2\/pages\/79\/revisions"}],"predecessor-version":[{"id":671,"href":"https:\/\/validasite.com.br\/fncc\/wp-json\/wp\/v2\/pages\/79\/revisions\/671"}],"wp:attachment":[{"href":"https:\/\/validasite.com.br\/fncc\/wp-json\/wp\/v2\/media?parent=79"}],"curies":[{"name":"wp","href":"https:\/\/api.w.org\/{rel}","templated":true}]}}