{"id":64,"date":"2022-06-08T14:57:03","date_gmt":"2022-06-08T17:57:03","guid":{"rendered":"https:\/\/validasite.com.br\/fncc\/?page_id=64"},"modified":"2024-05-03T13:27:29","modified_gmt":"2024-05-03T16:27:29","slug":"o-que-fazemos","status":"publish","type":"page","link":"https:\/\/validasite.com.br\/fncc\/o-que-fazemos\/","title":{"rendered":"O que fazemos"},"content":{"rendered":"\n<div class=\"wp-block-columns is-layout-flex wp-container-core-columns-is-layout-9d6595d7 wp-block-columns-is-layout-flex\">\n<div class=\"wp-block-column is-layout-flow wp-block-column-is-layout-flow\" style=\"flex-basis:66.66%\">\n<h2 class=\"wp-block-heading\">Trabalho Social nas unidades de atendimento<\/h2>\n\n\n\n<p>\u200bNas unidades FNCC s\u00e3o feitos mais de 5 mil atendimentos anuais, e esse n\u00famero cresce sem parar. Oferecemos aos nossos pacientes os mais variados servi\u00e7os sem qualquer custo, em um ambiente familiar e agrad\u00e1vel.<\/p>\n\n\n\n<p>As unidades da FNCC disp\u00f5em de\u00a0atendimento social,\u00a0\u00a0nutricional e\u00a0psicol\u00f3gico,\u00a0fisioterapia, orienta\u00e7\u00e3o\u00a0jur\u00eddica, terapias ocupacionais como artesanato, reciclagem e patchwork, terapias alternativas como\u00a0\u200breike,\u00a0florais de Bach \u00a0e acupuntura, e ainda aulas, minicursos e palestras.<\/p>\n\n\n\n<p>A&nbsp;<strong>FNCC<\/strong>&nbsp;atua em duas frentes de trabalho: o atendimento ao paciente com c\u00e2ncer e o trabalho de preven\u00e7\u00e3o e conscientiza\u00e7\u00e3o.&nbsp;<\/p>\n\n\n\n<p>\u200bCom este foco, a\u00a0<strong>FNCC<\/strong>\u00a0criou o projeto\u00a0<em>Sa\u00fade sobre Rodas\u00a0<\/em>&#8211; um trailler intinerante que realiza exames de rastreamento de c\u00e2ncer de mama, pele, boca e pr\u00f3stata.<\/p>\n\n\n\n<p>\u200bPara iniciar este projeto, a\u00a0<strong>FNCC<\/strong>\u00a0buscou parcerias e est\u00e1 na fase final de prepara\u00e7\u00e3o do seu primeiro trailler, com tr\u00eas consult\u00f3rios, e\u00a0circular\u00e1 inicialmente nas cidades do interior do Rio de Janeiro e Esp\u00edrito Santo.<\/p>\n<\/div>\n\n\n\n<div class=\"wp-block-column is-layout-flow wp-block-column-is-layout-flow\" style=\"flex-basis:33.33%\">\n<figure class=\"wp-block-gallery has-nested-images columns-2 is-cropped wp-block-gallery-1 is-layout-flex wp-block-gallery-is-layout-flex\">\n<figure class=\"wp-block-image size-medium\"><img loading=\"lazy\" decoding=\"async\" width=\"300\" height=\"225\" data-id=\"654\" src=\"https:\/\/validasite.com.br\/fncc\/wp-content\/uploads\/2024\/05\/123e8d_300e5172aadb4f959ccf2cf41cae2994mv2-300x225.jpg\" alt=\"\" class=\"wp-image-654\" srcset=\"https:\/\/validasite.com.br\/fncc\/wp-content\/uploads\/2024\/05\/123e8d_300e5172aadb4f959ccf2cf41cae2994mv2-300x225.jpg 300w, https:\/\/validasite.com.br\/fncc\/wp-content\/uploads\/2024\/05\/123e8d_300e5172aadb4f959ccf2cf41cae2994mv2.jpg 519w\" sizes=\"auto, (max-width: 300px) 100vw, 300px\" \/><\/figure>\n\n\n\n<figure class=\"wp-block-image size-medium\"><img loading=\"lazy\" decoding=\"async\" width=\"300\" height=\"225\" data-id=\"653\" src=\"https:\/\/validasite.com.br\/fncc\/wp-content\/uploads\/2024\/05\/123e8d_1666ffdb96b343c0be7a7bfd6a44d664mv2-300x225.jpg\" alt=\"\" class=\"wp-image-653\" srcset=\"https:\/\/validasite.com.br\/fncc\/wp-content\/uploads\/2024\/05\/123e8d_1666ffdb96b343c0be7a7bfd6a44d664mv2-300x225.jpg 300w, https:\/\/validasite.com.br\/fncc\/wp-content\/uploads\/2024\/05\/123e8d_1666ffdb96b343c0be7a7bfd6a44d664mv2.jpg 519w\" sizes=\"auto, (max-width: 300px) 100vw, 300px\" \/><\/figure>\n\n\n\n<figure class=\"wp-block-image size-medium\"><img loading=\"lazy\" decoding=\"async\" width=\"300\" height=\"225\" data-id=\"655\" src=\"https:\/\/validasite.com.br\/fncc\/wp-content\/uploads\/2024\/05\/123e8d_7bdf0d676f04466f84f04dc42dfb898amv2-300x225.jpg\" alt=\"\" class=\"wp-image-655\" srcset=\"https:\/\/validasite.com.br\/fncc\/wp-content\/uploads\/2024\/05\/123e8d_7bdf0d676f04466f84f04dc42dfb898amv2-300x225.jpg 300w, https:\/\/validasite.com.br\/fncc\/wp-content\/uploads\/2024\/05\/123e8d_7bdf0d676f04466f84f04dc42dfb898amv2.jpg 519w\" sizes=\"auto, (max-width: 300px) 100vw, 300px\" \/><\/figure>\n<\/figure>\n\n\n\n<p class=\"has-text-align-center\"><strong><em>Projeto Sa\u00fade sobre Rodas\u00a0<\/em><\/strong><\/p>\n<\/div>\n<\/div>\n","protected":false},"excerpt":{"rendered":"<p>Trabalho Social nas unidades de atendimento<\/p>\n<p>\u200bNas unidades FNCC s\u00e3o feitos mais de 5 mil atendimentos anuais, e esse n\u00famero cresce &#8230;<\/p>\n","protected":false},"author":1,"featured_media":0,"parent":0,"menu_order":0,"comment_status":"closed","ping_status":"closed","template":"","meta":{"_acf_changed":false,"footnotes":""},"class_list":["post-64","page","type-page","status-publish","hentry"],"acf":{"frase":"Conhe\u00e7a um pouco <br>de nosso trabalho"},"yoast_head":"<!-- This site is optimized with the Yoast SEO plugin v22.6 - https:\/\/yoast.com\/wordpress\/plugins\/seo\/ -->\n<title>O que fazemos - FNCC - Frente Nacional de Combate ao C\u00e2ncer<\/title>\n<meta name=\"description\" content=\"Trabalho Social nas unidades de atendimento \u200bNas unidades FNCC s\u00e3o feitos mais de 5 mil atendimentos anuais, e esse n\u00famero cresce sem parar. Oferecemos\" \/>\n<meta name=\"robots\" content=\"index, follow, max-snippet:-1, max-image-preview:large, max-video-preview:-1\" \/>\n<link rel=\"canonical\" href=\"https:\/\/validasite.com.br\/fncc\/o-que-fazemos\/\" \/>\n<meta property=\"og:locale\" content=\"pt_BR\" \/>\n<meta property=\"og:type\" content=\"article\" \/>\n<meta property=\"og:title\" content=\"O que fazemos - FNCC - Frente Nacional de Combate ao C\u00e2ncer\" \/>\n<meta property=\"og:description\" content=\"Trabalho Social nas unidades de atendimento \u200bNas unidades FNCC s\u00e3o feitos mais de 5 mil atendimentos anuais, e esse n\u00famero cresce sem parar. Oferecemos\" \/>\n<meta property=\"og:url\" content=\"https:\/\/validasite.com.br\/fncc\/o-que-fazemos\/\" \/>\n<meta property=\"og:site_name\" content=\"FNCC - Frente Nacional de Combate ao C\u00e2ncer\" \/>\n<meta property=\"article:publisher\" content=\"https:\/\/www.facebook.com\/FNCCFrenteNacional\" \/>\n<meta property=\"article:modified_time\" content=\"2024-05-03T16:27:29+00:00\" \/>\n<meta property=\"og:image\" content=\"https:\/\/validasite.com.br\/fncc\/wp-content\/uploads\/2024\/05\/123e8d_300e5172aadb4f959ccf2cf41cae2994mv2-300x225.jpg\" \/>\n<meta name=\"twitter:card\" content=\"summary_large_image\" \/>\n<meta name=\"twitter:label1\" content=\"Est. tempo de leitura\" \/>\n\t<meta name=\"twitter:data1\" content=\"2 minutos\" \/>\n<script type=\"application\/ld+json\" class=\"yoast-schema-graph\">{\"@context\":\"https:\/\/schema.org\",\"@graph\":[{\"@type\":[\"Article\",\"BlogPosting\"],\"@id\":\"https:\/\/validasite.com.br\/fncc\/o-que-fazemos\/#article\",\"isPartOf\":{\"@id\":\"https:\/\/validasite.com.br\/fncc\/o-que-fazemos\/\"},\"author\":{\"name\":\"wf\",\"@id\":\"https:\/\/validasite.com.br\/fncc\/#\/schema\/person\/5f18269f1a1e8081988866288773e2b0\"},\"headline\":\"O que fazemos\",\"datePublished\":\"2022-06-08T17:57:03+00:00\",\"dateModified\":\"2024-05-03T16:27:29+00:00\",\"mainEntityOfPage\":{\"@id\":\"https:\/\/validasite.com.br\/fncc\/o-que-fazemos\/\"},\"wordCount\":189,\"publisher\":{\"@id\":\"https:\/\/validasite.com.br\/fncc\/#organization\"},\"image\":{\"@id\":\"https:\/\/validasite.com.br\/fncc\/o-que-fazemos\/#primaryimage\"},\"thumbnailUrl\":\"https:\/\/validasite.com.br\/fncc\/wp-content\/uploads\/2024\/05\/123e8d_300e5172aadb4f959ccf2cf41cae2994mv2-300x225.jpg\",\"inLanguage\":\"pt-BR\"},{\"@type\":\"WebPage\",\"@id\":\"https:\/\/validasite.com.br\/fncc\/o-que-fazemos\/\",\"url\":\"https:\/\/validasite.com.br\/fncc\/o-que-fazemos\/\",\"name\":\"O que fazemos - FNCC - Frente Nacional de Combate ao C\u00e2ncer\",\"isPartOf\":{\"@id\":\"https:\/\/validasite.com.br\/fncc\/#website\"},\"primaryImageOfPage\":{\"@id\":\"https:\/\/validasite.com.br\/fncc\/o-que-fazemos\/#primaryimage\"},\"image\":{\"@id\":\"https:\/\/validasite.com.br\/fncc\/o-que-fazemos\/#primaryimage\"},\"thumbnailUrl\":\"https:\/\/validasite.com.br\/fncc\/wp-content\/uploads\/2024\/05\/123e8d_300e5172aadb4f959ccf2cf41cae2994mv2-300x225.jpg\",\"datePublished\":\"2022-06-08T17:57:03+00:00\",\"dateModified\":\"2024-05-03T16:27:29+00:00\",\"description\":\"Trabalho Social nas unidades de atendimento \u200bNas unidades FNCC s\u00e3o feitos mais de 5 mil atendimentos anuais, e esse n\u00famero cresce sem parar. Oferecemos\",\"breadcrumb\":{\"@id\":\"https:\/\/validasite.com.br\/fncc\/o-que-fazemos\/#breadcrumb\"},\"inLanguage\":\"pt-BR\",\"potentialAction\":[{\"@type\":\"ReadAction\",\"target\":[\"https:\/\/validasite.com.br\/fncc\/o-que-fazemos\/\"]}]},{\"@type\":\"ImageObject\",\"inLanguage\":\"pt-BR\",\"@id\":\"https:\/\/validasite.com.br\/fncc\/o-que-fazemos\/#primaryimage\",\"url\":\"https:\/\/validasite.com.br\/fncc\/wp-content\/uploads\/2024\/05\/123e8d_300e5172aadb4f959ccf2cf41cae2994mv2.jpg\",\"contentUrl\":\"https:\/\/validasite.com.br\/fncc\/wp-content\/uploads\/2024\/05\/123e8d_300e5172aadb4f959ccf2cf41cae2994mv2.jpg\",\"width\":519,\"height\":389},{\"@type\":\"BreadcrumbList\",\"@id\":\"https:\/\/validasite.com.br\/fncc\/o-que-fazemos\/#breadcrumb\",\"itemListElement\":[{\"@type\":\"ListItem\",\"position\":1,\"name\":\"In\u00edcio\",\"item\":\"https:\/\/validasite.com.br\/fncc\/\"},{\"@type\":\"ListItem\",\"position\":2,\"name\":\"O que fazemos\"}]},{\"@type\":\"WebSite\",\"@id\":\"https:\/\/validasite.com.br\/fncc\/#website\",\"url\":\"https:\/\/validasite.com.br\/fncc\/\",\"name\":\"FNCC - Frente Nacional de Combate ao C\u00e2ncer\",\"description\":\"A FNCC \u00e9 uma institui\u00e7\u00e3o sem fins lucrativos premiada em todos as regi\u00f5es que opera no Brasil. Conhe\u00e7a um pouco sobre este importante trabalho e entre voc\u00ea tamb\u00e9m na luta contra o c\u00e2ncer. Apoie esta causa.\",\"publisher\":{\"@id\":\"https:\/\/validasite.com.br\/fncc\/#organization\"},\"alternateName\":\"FNCC\",\"potentialAction\":[{\"@type\":\"SearchAction\",\"target\":{\"@type\":\"EntryPoint\",\"urlTemplate\":\"https:\/\/validasite.com.br\/fncc\/?s={search_term_string}\"},\"query-input\":\"required name=search_term_string\"}],\"inLanguage\":\"pt-BR\"},{\"@type\":\"Organization\",\"@id\":\"https:\/\/validasite.com.br\/fncc\/#organization\",\"name\":\"FNCC\",\"alternateName\":\"Frente Nacional de Combate ao C\u00e2ncer\",\"url\":\"https:\/\/validasite.com.br\/fncc\/\",\"logo\":{\"@type\":\"ImageObject\",\"inLanguage\":\"pt-BR\",\"@id\":\"https:\/\/validasite.com.br\/fncc\/#\/schema\/logo\/image\/\",\"url\":\"https:\/\/validasite.com.br\/fncc\/wp-content\/uploads\/2024\/05\/screenshot-4.png\",\"contentUrl\":\"https:\/\/validasite.com.br\/fncc\/wp-content\/uploads\/2024\/05\/screenshot-4.png\",\"width\":1500,\"height\":1500,\"caption\":\"FNCC\"},\"image\":{\"@id\":\"https:\/\/validasite.com.br\/fncc\/#\/schema\/logo\/image\/\"},\"sameAs\":[\"https:\/\/www.facebook.com\/FNCCFrenteNacional\",\"https:\/\/www.instagram.com\/fnccnacional\/\"]},{\"@type\":\"Person\",\"@id\":\"https:\/\/validasite.com.br\/fncc\/#\/schema\/person\/5f18269f1a1e8081988866288773e2b0\",\"name\":\"wf\",\"image\":{\"@type\":\"ImageObject\",\"inLanguage\":\"pt-BR\",\"@id\":\"https:\/\/validasite.com.br\/fncc\/#\/schema\/person\/image\/\",\"url\":\"https:\/\/secure.gravatar.com\/avatar\/af5db5008fe343f8388505129e34bba4f5acf5fb848cbdd8606b15652735b53f?s=96&d=mm&r=g\",\"contentUrl\":\"https:\/\/secure.gravatar.com\/avatar\/af5db5008fe343f8388505129e34bba4f5acf5fb848cbdd8606b15652735b53f?s=96&d=mm&r=g\",\"caption\":\"wf\"},\"url\":\"https:\/\/validasite.com.br\/fncc\/author\/wf\/\"}]}<\/script>\n<!-- \/ Yoast SEO plugin. -->","yoast_head_json":{"title":"O que fazemos - FNCC - Frente Nacional de Combate ao C\u00e2ncer","description":"Trabalho Social nas unidades de atendimento \u200bNas unidades FNCC s\u00e3o feitos mais de 5 mil atendimentos anuais, e esse n\u00famero cresce sem parar. Oferecemos","robots":{"index":"index","follow":"follow","max-snippet":"max-snippet:-1","max-image-preview":"max-image-preview:large","max-video-preview":"max-video-preview:-1"},"canonical":"https:\/\/validasite.com.br\/fncc\/o-que-fazemos\/","og_locale":"pt_BR","og_type":"article","og_title":"O que fazemos - FNCC - Frente Nacional de Combate ao C\u00e2ncer","og_description":"Trabalho Social nas unidades de atendimento \u200bNas unidades FNCC s\u00e3o feitos mais de 5 mil atendimentos anuais, e esse n\u00famero cresce sem parar. Oferecemos","og_url":"https:\/\/validasite.com.br\/fncc\/o-que-fazemos\/","og_site_name":"FNCC - Frente Nacional de Combate ao C\u00e2ncer","article_publisher":"https:\/\/www.facebook.com\/FNCCFrenteNacional","article_modified_time":"2024-05-03T16:27:29+00:00","og_image":[{"url":"https:\/\/validasite.com.br\/fncc\/wp-content\/uploads\/2024\/05\/123e8d_300e5172aadb4f959ccf2cf41cae2994mv2-300x225.jpg"}],"twitter_card":"summary_large_image","twitter_misc":{"Est. tempo de leitura":"2 minutos"},"schema":{"@context":"https:\/\/schema.org","@graph":[{"@type":["Article","BlogPosting"],"@id":"https:\/\/validasite.com.br\/fncc\/o-que-fazemos\/#article","isPartOf":{"@id":"https:\/\/validasite.com.br\/fncc\/o-que-fazemos\/"},"author":{"name":"wf","@id":"https:\/\/validasite.com.br\/fncc\/#\/schema\/person\/5f18269f1a1e8081988866288773e2b0"},"headline":"O que fazemos","datePublished":"2022-06-08T17:57:03+00:00","dateModified":"2024-05-03T16:27:29+00:00","mainEntityOfPage":{"@id":"https:\/\/validasite.com.br\/fncc\/o-que-fazemos\/"},"wordCount":189,"publisher":{"@id":"https:\/\/validasite.com.br\/fncc\/#organization"},"image":{"@id":"https:\/\/validasite.com.br\/fncc\/o-que-fazemos\/#primaryimage"},"thumbnailUrl":"https:\/\/validasite.com.br\/fncc\/wp-content\/uploads\/2024\/05\/123e8d_300e5172aadb4f959ccf2cf41cae2994mv2-300x225.jpg","inLanguage":"pt-BR"},{"@type":"WebPage","@id":"https:\/\/validasite.com.br\/fncc\/o-que-fazemos\/","url":"https:\/\/validasite.com.br\/fncc\/o-que-fazemos\/","name":"O que fazemos - FNCC - Frente Nacional de Combate ao C\u00e2ncer","isPartOf":{"@id":"https:\/\/validasite.com.br\/fncc\/#website"},"primaryImageOfPage":{"@id":"https:\/\/validasite.com.br\/fncc\/o-que-fazemos\/#primaryimage"},"image":{"@id":"https:\/\/validasite.com.br\/fncc\/o-que-fazemos\/#primaryimage"},"thumbnailUrl":"https:\/\/validasite.com.br\/fncc\/wp-content\/uploads\/2024\/05\/123e8d_300e5172aadb4f959ccf2cf41cae2994mv2-300x225.jpg","datePublished":"2022-06-08T17:57:03+00:00","dateModified":"2024-05-03T16:27:29+00:00","description":"Trabalho Social nas unidades de atendimento \u200bNas unidades FNCC s\u00e3o feitos mais de 5 mil atendimentos anuais, e esse n\u00famero cresce sem parar. Oferecemos","breadcrumb":{"@id":"https:\/\/validasite.com.br\/fncc\/o-que-fazemos\/#breadcrumb"},"inLanguage":"pt-BR","potentialAction":[{"@type":"ReadAction","target":["https:\/\/validasite.com.br\/fncc\/o-que-fazemos\/"]}]},{"@type":"ImageObject","inLanguage":"pt-BR","@id":"https:\/\/validasite.com.br\/fncc\/o-que-fazemos\/#primaryimage","url":"https:\/\/validasite.com.br\/fncc\/wp-content\/uploads\/2024\/05\/123e8d_300e5172aadb4f959ccf2cf41cae2994mv2.jpg","contentUrl":"https:\/\/validasite.com.br\/fncc\/wp-content\/uploads\/2024\/05\/123e8d_300e5172aadb4f959ccf2cf41cae2994mv2.jpg","width":519,"height":389},{"@type":"BreadcrumbList","@id":"https:\/\/validasite.com.br\/fncc\/o-que-fazemos\/#breadcrumb","itemListElement":[{"@type":"ListItem","position":1,"name":"In\u00edcio","item":"https:\/\/validasite.com.br\/fncc\/"},{"@type":"ListItem","position":2,"name":"O que fazemos"}]},{"@type":"WebSite","@id":"https:\/\/validasite.com.br\/fncc\/#website","url":"https:\/\/validasite.com.br\/fncc\/","name":"FNCC - Frente Nacional de Combate ao C\u00e2ncer","description":"A FNCC \u00e9 uma institui\u00e7\u00e3o sem fins lucrativos premiada em todos as regi\u00f5es que opera no Brasil. Conhe\u00e7a um pouco sobre este importante trabalho e entre voc\u00ea tamb\u00e9m na luta contra o c\u00e2ncer. Apoie esta causa.","publisher":{"@id":"https:\/\/validasite.com.br\/fncc\/#organization"},"alternateName":"FNCC","potentialAction":[{"@type":"SearchAction","target":{"@type":"EntryPoint","urlTemplate":"https:\/\/validasite.com.br\/fncc\/?s={search_term_string}"},"query-input":"required name=search_term_string"}],"inLanguage":"pt-BR"},{"@type":"Organization","@id":"https:\/\/validasite.com.br\/fncc\/#organization","name":"FNCC","alternateName":"Frente Nacional de Combate ao C\u00e2ncer","url":"https:\/\/validasite.com.br\/fncc\/","logo":{"@type":"ImageObject","inLanguage":"pt-BR","@id":"https:\/\/validasite.com.br\/fncc\/#\/schema\/logo\/image\/","url":"https:\/\/validasite.com.br\/fncc\/wp-content\/uploads\/2024\/05\/screenshot-4.png","contentUrl":"https:\/\/validasite.com.br\/fncc\/wp-content\/uploads\/2024\/05\/screenshot-4.png","width":1500,"height":1500,"caption":"FNCC"},"image":{"@id":"https:\/\/validasite.com.br\/fncc\/#\/schema\/logo\/image\/"},"sameAs":["https:\/\/www.facebook.com\/FNCCFrenteNacional","https:\/\/www.instagram.com\/fnccnacional\/"]},{"@type":"Person","@id":"https:\/\/validasite.com.br\/fncc\/#\/schema\/person\/5f18269f1a1e8081988866288773e2b0","name":"wf","image":{"@type":"ImageObject","inLanguage":"pt-BR","@id":"https:\/\/validasite.com.br\/fncc\/#\/schema\/person\/image\/","url":"https:\/\/secure.gravatar.com\/avatar\/af5db5008fe343f8388505129e34bba4f5acf5fb848cbdd8606b15652735b53f?s=96&d=mm&r=g","contentUrl":"https:\/\/secure.gravatar.com\/avatar\/af5db5008fe343f8388505129e34bba4f5acf5fb848cbdd8606b15652735b53f?s=96&d=mm&r=g","caption":"wf"},"url":"https:\/\/validasite.com.br\/fncc\/author\/wf\/"}]}},"_links":{"self":[{"href":"https:\/\/validasite.com.br\/fncc\/wp-json\/wp\/v2\/pages\/64","targetHints":{"allow":["GET"]}}],"collection":[{"href":"https:\/\/validasite.com.br\/fncc\/wp-json\/wp\/v2\/pages"}],"about":[{"href":"https:\/\/validasite.com.br\/fncc\/wp-json\/wp\/v2\/types\/page"}],"author":[{"embeddable":true,"href":"https:\/\/validasite.com.br\/fncc\/wp-json\/wp\/v2\/users\/1"}],"replies":[{"embeddable":true,"href":"https:\/\/validasite.com.br\/fncc\/wp-json\/wp\/v2\/comments?post=64"}],"version-history":[{"count":14,"href":"https:\/\/validasite.com.br\/fncc\/wp-json\/wp\/v2\/pages\/64\/revisions"}],"predecessor-version":[{"id":660,"href":"https:\/\/validasite.com.br\/fncc\/wp-json\/wp\/v2\/pages\/64\/revisions\/660"}],"wp:attachment":[{"href":"https:\/\/validasite.com.br\/fncc\/wp-json\/wp\/v2\/media?parent=64"}],"curies":[{"name":"wp","href":"https:\/\/api.w.org\/{rel}","templated":true}]}}