{"id":557,"date":"2024-05-02T11:17:07","date_gmt":"2024-05-02T14:17:07","guid":{"rendered":"https:\/\/validasite.com.br\/fncc\/?page_id=557"},"modified":"2024-05-09T15:26:08","modified_gmt":"2024-05-09T18:26:08","slug":"doacao","status":"publish","type":"page","link":"https:\/\/validasite.com.br\/fncc\/doacao\/","title":{"rendered":"Doa\u00e7\u00e3o"},"content":{"rendered":"\n<p>Nosso trabalho \u00e9 viabilizado gra\u00e7as \u00e0s generosas doa\u00e7\u00f5es que cobrem todas as despesas operacionais. Essa contribui\u00e7\u00e3o essencial nos permite continuar nossa miss\u00e3o de transformar vidas e oferecer suporte a milhares de pessoas.<br>Escolha uma das op\u00e7\u00f5es abaixo e comece a fazer a diferen\u00e7a agora.<\/p>\n","protected":false},"excerpt":{"rendered":"<p>Nosso trabalho \u00e9 viabilizado gra\u00e7as \u00e0s generosas doa\u00e7\u00f5es que cobrem todas as despesas operacionais. Essa contribui\u00e7\u00e3o essencial nos permite continuar &#8230;<\/p>\n","protected":false},"author":1,"featured_media":0,"parent":0,"menu_order":0,"comment_status":"closed","ping_status":"closed","template":"","meta":{"_acf_changed":false,"footnotes":""},"class_list":["post-557","page","type-page","status-publish","hentry"],"acf":{"frase":"Juntos, somando for\u00e7as, vencemos!"},"yoast_head":"<!-- This site is optimized with the Yoast SEO plugin v22.6 - https:\/\/yoast.com\/wordpress\/plugins\/seo\/ -->\n<title>Doa\u00e7\u00e3o - FNCC - Frente Nacional de Combate ao C\u00e2ncer<\/title>\n<meta name=\"description\" content=\"Nosso trabalho \u00e9 viabilizado gra\u00e7as \u00e0s generosas doa\u00e7\u00f5es que cobrem todas as despesas operacionais. Essa contribui\u00e7\u00e3o essencial nos permite continuar\" \/>\n<meta name=\"robots\" content=\"index, follow, max-snippet:-1, max-image-preview:large, max-video-preview:-1\" \/>\n<link rel=\"canonical\" href=\"https:\/\/validasite.com.br\/fncc\/doacao\/\" \/>\n<meta property=\"og:locale\" content=\"pt_BR\" \/>\n<meta property=\"og:type\" content=\"article\" \/>\n<meta property=\"og:title\" content=\"Doa\u00e7\u00e3o - FNCC - Frente Nacional de Combate ao C\u00e2ncer\" \/>\n<meta property=\"og:description\" content=\"Nosso trabalho \u00e9 viabilizado gra\u00e7as \u00e0s generosas doa\u00e7\u00f5es que cobrem todas as despesas operacionais. Essa contribui\u00e7\u00e3o essencial nos permite continuar\" \/>\n<meta property=\"og:url\" content=\"https:\/\/validasite.com.br\/fncc\/doacao\/\" \/>\n<meta property=\"og:site_name\" content=\"FNCC - Frente Nacional de Combate ao C\u00e2ncer\" \/>\n<meta property=\"article:publisher\" content=\"https:\/\/www.facebook.com\/FNCCFrenteNacional\" \/>\n<meta property=\"article:modified_time\" content=\"2024-05-09T18:26:08+00:00\" \/>\n<meta property=\"og:image\" content=\"https:\/\/validasite.com.br\/fncc\/wp-content\/uploads\/2024\/05\/screenshot-4.png\" \/>\n\t<meta property=\"og:image:width\" content=\"1500\" \/>\n\t<meta property=\"og:image:height\" content=\"1500\" \/>\n\t<meta property=\"og:image:type\" content=\"image\/png\" \/>\n<meta name=\"twitter:card\" content=\"summary_large_image\" \/>\n<meta name=\"twitter:label1\" content=\"Est. tempo de leitura\" \/>\n\t<meta name=\"twitter:data1\" content=\"1 minuto\" \/>\n<script type=\"application\/ld+json\" class=\"yoast-schema-graph\">{\"@context\":\"https:\/\/schema.org\",\"@graph\":[{\"@type\":[\"Article\",\"BlogPosting\"],\"@id\":\"https:\/\/validasite.com.br\/fncc\/doacao\/#article\",\"isPartOf\":{\"@id\":\"https:\/\/validasite.com.br\/fncc\/doacao\/\"},\"author\":{\"name\":\"wf\",\"@id\":\"https:\/\/validasite.com.br\/fncc\/#\/schema\/person\/5f18269f1a1e8081988866288773e2b0\"},\"headline\":\"Doa\u00e7\u00e3o\",\"datePublished\":\"2024-05-02T14:17:07+00:00\",\"dateModified\":\"2024-05-09T18:26:08+00:00\",\"mainEntityOfPage\":{\"@id\":\"https:\/\/validasite.com.br\/fncc\/doacao\/\"},\"wordCount\":51,\"publisher\":{\"@id\":\"https:\/\/validasite.com.br\/fncc\/#organization\"},\"inLanguage\":\"pt-BR\"},{\"@type\":\"WebPage\",\"@id\":\"https:\/\/validasite.com.br\/fncc\/doacao\/\",\"url\":\"https:\/\/validasite.com.br\/fncc\/doacao\/\",\"name\":\"Doa\u00e7\u00e3o - FNCC - Frente Nacional de Combate ao C\u00e2ncer\",\"isPartOf\":{\"@id\":\"https:\/\/validasite.com.br\/fncc\/#website\"},\"datePublished\":\"2024-05-02T14:17:07+00:00\",\"dateModified\":\"2024-05-09T18:26:08+00:00\",\"description\":\"Nosso trabalho \u00e9 viabilizado gra\u00e7as \u00e0s generosas doa\u00e7\u00f5es que cobrem todas as despesas operacionais. Essa contribui\u00e7\u00e3o essencial nos permite continuar\",\"breadcrumb\":{\"@id\":\"https:\/\/validasite.com.br\/fncc\/doacao\/#breadcrumb\"},\"inLanguage\":\"pt-BR\",\"potentialAction\":[{\"@type\":\"ReadAction\",\"target\":[\"https:\/\/validasite.com.br\/fncc\/doacao\/\"]}]},{\"@type\":\"BreadcrumbList\",\"@id\":\"https:\/\/validasite.com.br\/fncc\/doacao\/#breadcrumb\",\"itemListElement\":[{\"@type\":\"ListItem\",\"position\":1,\"name\":\"In\u00edcio\",\"item\":\"https:\/\/validasite.com.br\/fncc\/\"},{\"@type\":\"ListItem\",\"position\":2,\"name\":\"Doa\u00e7\u00e3o\"}]},{\"@type\":\"WebSite\",\"@id\":\"https:\/\/validasite.com.br\/fncc\/#website\",\"url\":\"https:\/\/validasite.com.br\/fncc\/\",\"name\":\"FNCC - Frente Nacional de Combate ao C\u00e2ncer\",\"description\":\"A FNCC \u00e9 uma institui\u00e7\u00e3o sem fins lucrativos premiada em todos as regi\u00f5es que opera no Brasil. Conhe\u00e7a um pouco sobre este importante trabalho e entre voc\u00ea tamb\u00e9m na luta contra o c\u00e2ncer. Apoie esta causa.\",\"publisher\":{\"@id\":\"https:\/\/validasite.com.br\/fncc\/#organization\"},\"alternateName\":\"FNCC\",\"potentialAction\":[{\"@type\":\"SearchAction\",\"target\":{\"@type\":\"EntryPoint\",\"urlTemplate\":\"https:\/\/validasite.com.br\/fncc\/?s={search_term_string}\"},\"query-input\":\"required name=search_term_string\"}],\"inLanguage\":\"pt-BR\"},{\"@type\":\"Organization\",\"@id\":\"https:\/\/validasite.com.br\/fncc\/#organization\",\"name\":\"FNCC\",\"alternateName\":\"Frente Nacional de Combate ao C\u00e2ncer\",\"url\":\"https:\/\/validasite.com.br\/fncc\/\",\"logo\":{\"@type\":\"ImageObject\",\"inLanguage\":\"pt-BR\",\"@id\":\"https:\/\/validasite.com.br\/fncc\/#\/schema\/logo\/image\/\",\"url\":\"https:\/\/validasite.com.br\/fncc\/wp-content\/uploads\/2024\/05\/screenshot-4.png\",\"contentUrl\":\"https:\/\/validasite.com.br\/fncc\/wp-content\/uploads\/2024\/05\/screenshot-4.png\",\"width\":1500,\"height\":1500,\"caption\":\"FNCC\"},\"image\":{\"@id\":\"https:\/\/validasite.com.br\/fncc\/#\/schema\/logo\/image\/\"},\"sameAs\":[\"https:\/\/www.facebook.com\/FNCCFrenteNacional\",\"https:\/\/www.instagram.com\/fnccnacional\/\"]},{\"@type\":\"Person\",\"@id\":\"https:\/\/validasite.com.br\/fncc\/#\/schema\/person\/5f18269f1a1e8081988866288773e2b0\",\"name\":\"wf\",\"image\":{\"@type\":\"ImageObject\",\"inLanguage\":\"pt-BR\",\"@id\":\"https:\/\/validasite.com.br\/fncc\/#\/schema\/person\/image\/\",\"url\":\"https:\/\/secure.gravatar.com\/avatar\/af5db5008fe343f8388505129e34bba4f5acf5fb848cbdd8606b15652735b53f?s=96&d=mm&r=g\",\"contentUrl\":\"https:\/\/secure.gravatar.com\/avatar\/af5db5008fe343f8388505129e34bba4f5acf5fb848cbdd8606b15652735b53f?s=96&d=mm&r=g\",\"caption\":\"wf\"},\"url\":\"https:\/\/validasite.com.br\/fncc\/author\/wf\/\"}]}<\/script>\n<!-- \/ Yoast SEO plugin. -->","yoast_head_json":{"title":"Doa\u00e7\u00e3o - FNCC - Frente Nacional de Combate ao C\u00e2ncer","description":"Nosso trabalho \u00e9 viabilizado gra\u00e7as \u00e0s generosas doa\u00e7\u00f5es que cobrem todas as despesas operacionais. Essa contribui\u00e7\u00e3o essencial nos permite continuar","robots":{"index":"index","follow":"follow","max-snippet":"max-snippet:-1","max-image-preview":"max-image-preview:large","max-video-preview":"max-video-preview:-1"},"canonical":"https:\/\/validasite.com.br\/fncc\/doacao\/","og_locale":"pt_BR","og_type":"article","og_title":"Doa\u00e7\u00e3o - FNCC - Frente Nacional de Combate ao C\u00e2ncer","og_description":"Nosso trabalho \u00e9 viabilizado gra\u00e7as \u00e0s generosas doa\u00e7\u00f5es que cobrem todas as despesas operacionais. Essa contribui\u00e7\u00e3o essencial nos permite continuar","og_url":"https:\/\/validasite.com.br\/fncc\/doacao\/","og_site_name":"FNCC - Frente Nacional de Combate ao C\u00e2ncer","article_publisher":"https:\/\/www.facebook.com\/FNCCFrenteNacional","article_modified_time":"2024-05-09T18:26:08+00:00","og_image":[{"width":1500,"height":1500,"url":"https:\/\/validasite.com.br\/fncc\/wp-content\/uploads\/2024\/05\/screenshot-4.png","type":"image\/png"}],"twitter_card":"summary_large_image","twitter_misc":{"Est. tempo de leitura":"1 minuto"},"schema":{"@context":"https:\/\/schema.org","@graph":[{"@type":["Article","BlogPosting"],"@id":"https:\/\/validasite.com.br\/fncc\/doacao\/#article","isPartOf":{"@id":"https:\/\/validasite.com.br\/fncc\/doacao\/"},"author":{"name":"wf","@id":"https:\/\/validasite.com.br\/fncc\/#\/schema\/person\/5f18269f1a1e8081988866288773e2b0"},"headline":"Doa\u00e7\u00e3o","datePublished":"2024-05-02T14:17:07+00:00","dateModified":"2024-05-09T18:26:08+00:00","mainEntityOfPage":{"@id":"https:\/\/validasite.com.br\/fncc\/doacao\/"},"wordCount":51,"publisher":{"@id":"https:\/\/validasite.com.br\/fncc\/#organization"},"inLanguage":"pt-BR"},{"@type":"WebPage","@id":"https:\/\/validasite.com.br\/fncc\/doacao\/","url":"https:\/\/validasite.com.br\/fncc\/doacao\/","name":"Doa\u00e7\u00e3o - FNCC - Frente Nacional de Combate ao C\u00e2ncer","isPartOf":{"@id":"https:\/\/validasite.com.br\/fncc\/#website"},"datePublished":"2024-05-02T14:17:07+00:00","dateModified":"2024-05-09T18:26:08+00:00","description":"Nosso trabalho \u00e9 viabilizado gra\u00e7as \u00e0s generosas doa\u00e7\u00f5es que cobrem todas as despesas operacionais. Essa contribui\u00e7\u00e3o essencial nos permite continuar","breadcrumb":{"@id":"https:\/\/validasite.com.br\/fncc\/doacao\/#breadcrumb"},"inLanguage":"pt-BR","potentialAction":[{"@type":"ReadAction","target":["https:\/\/validasite.com.br\/fncc\/doacao\/"]}]},{"@type":"BreadcrumbList","@id":"https:\/\/validasite.com.br\/fncc\/doacao\/#breadcrumb","itemListElement":[{"@type":"ListItem","position":1,"name":"In\u00edcio","item":"https:\/\/validasite.com.br\/fncc\/"},{"@type":"ListItem","position":2,"name":"Doa\u00e7\u00e3o"}]},{"@type":"WebSite","@id":"https:\/\/validasite.com.br\/fncc\/#website","url":"https:\/\/validasite.com.br\/fncc\/","name":"FNCC - Frente Nacional de Combate ao C\u00e2ncer","description":"A FNCC \u00e9 uma institui\u00e7\u00e3o sem fins lucrativos premiada em todos as regi\u00f5es que opera no Brasil. Conhe\u00e7a um pouco sobre este importante trabalho e entre voc\u00ea tamb\u00e9m na luta contra o c\u00e2ncer. Apoie esta causa.","publisher":{"@id":"https:\/\/validasite.com.br\/fncc\/#organization"},"alternateName":"FNCC","potentialAction":[{"@type":"SearchAction","target":{"@type":"EntryPoint","urlTemplate":"https:\/\/validasite.com.br\/fncc\/?s={search_term_string}"},"query-input":"required name=search_term_string"}],"inLanguage":"pt-BR"},{"@type":"Organization","@id":"https:\/\/validasite.com.br\/fncc\/#organization","name":"FNCC","alternateName":"Frente Nacional de Combate ao C\u00e2ncer","url":"https:\/\/validasite.com.br\/fncc\/","logo":{"@type":"ImageObject","inLanguage":"pt-BR","@id":"https:\/\/validasite.com.br\/fncc\/#\/schema\/logo\/image\/","url":"https:\/\/validasite.com.br\/fncc\/wp-content\/uploads\/2024\/05\/screenshot-4.png","contentUrl":"https:\/\/validasite.com.br\/fncc\/wp-content\/uploads\/2024\/05\/screenshot-4.png","width":1500,"height":1500,"caption":"FNCC"},"image":{"@id":"https:\/\/validasite.com.br\/fncc\/#\/schema\/logo\/image\/"},"sameAs":["https:\/\/www.facebook.com\/FNCCFrenteNacional","https:\/\/www.instagram.com\/fnccnacional\/"]},{"@type":"Person","@id":"https:\/\/validasite.com.br\/fncc\/#\/schema\/person\/5f18269f1a1e8081988866288773e2b0","name":"wf","image":{"@type":"ImageObject","inLanguage":"pt-BR","@id":"https:\/\/validasite.com.br\/fncc\/#\/schema\/person\/image\/","url":"https:\/\/secure.gravatar.com\/avatar\/af5db5008fe343f8388505129e34bba4f5acf5fb848cbdd8606b15652735b53f?s=96&d=mm&r=g","contentUrl":"https:\/\/secure.gravatar.com\/avatar\/af5db5008fe343f8388505129e34bba4f5acf5fb848cbdd8606b15652735b53f?s=96&d=mm&r=g","caption":"wf"},"url":"https:\/\/validasite.com.br\/fncc\/author\/wf\/"}]}},"_links":{"self":[{"href":"https:\/\/validasite.com.br\/fncc\/wp-json\/wp\/v2\/pages\/557","targetHints":{"allow":["GET"]}}],"collection":[{"href":"https:\/\/validasite.com.br\/fncc\/wp-json\/wp\/v2\/pages"}],"about":[{"href":"https:\/\/validasite.com.br\/fncc\/wp-json\/wp\/v2\/types\/page"}],"author":[{"embeddable":true,"href":"https:\/\/validasite.com.br\/fncc\/wp-json\/wp\/v2\/users\/1"}],"replies":[{"embeddable":true,"href":"https:\/\/validasite.com.br\/fncc\/wp-json\/wp\/v2\/comments?post=557"}],"version-history":[{"count":3,"href":"https:\/\/validasite.com.br\/fncc\/wp-json\/wp\/v2\/pages\/557\/revisions"}],"predecessor-version":[{"id":688,"href":"https:\/\/validasite.com.br\/fncc\/wp-json\/wp\/v2\/pages\/557\/revisions\/688"}],"wp:attachment":[{"href":"https:\/\/validasite.com.br\/fncc\/wp-json\/wp\/v2\/media?parent=557"}],"curies":[{"name":"wp","href":"https:\/\/api.w.org\/{rel}","templated":true}]}}