{"id":553,"date":"2024-05-02T11:10:18","date_gmt":"2024-05-02T14:10:18","guid":{"rendered":"https:\/\/validasite.com.br\/fncc\/?page_id=553"},"modified":"2024-05-24T12:58:50","modified_gmt":"2024-05-24T15:58:50","slug":"depoimentos","status":"publish","type":"page","link":"https:\/\/validasite.com.br\/fncc\/depoimentos\/","title":{"rendered":"Depoimentos"},"content":{"rendered":"\n<p>Veja o depoimento de pessoas que recebem o auxilio da FNCC<\/p>\n","protected":false},"excerpt":{"rendered":"<p>Veja o depoimento de pessoas que recebem o auxilio da FNCC<\/p>\n","protected":false},"author":1,"featured_media":0,"parent":0,"menu_order":0,"comment_status":"closed","ping_status":"closed","template":"","meta":{"_acf_changed":false,"footnotes":""},"class_list":["post-553","page","type-page","status-publish","hentry"],"acf":{"frase":"Depoimentos de quem conhece nosso trabalho"},"yoast_head":"<!-- This site is optimized with the Yoast SEO plugin v22.6 - https:\/\/yoast.com\/wordpress\/plugins\/seo\/ -->\n<title>Depoimentos - FNCC - Frente Nacional de Combate ao C\u00e2ncer<\/title>\n<meta name=\"description\" content=\"Veja o depoimento de pessoas que recebem o auxilio da FNCC\" \/>\n<meta name=\"robots\" content=\"index, follow, max-snippet:-1, max-image-preview:large, max-video-preview:-1\" \/>\n<link rel=\"canonical\" href=\"https:\/\/validasite.com.br\/fncc\/depoimentos\/\" \/>\n<meta property=\"og:locale\" content=\"pt_BR\" \/>\n<meta property=\"og:type\" content=\"article\" \/>\n<meta property=\"og:title\" content=\"Depoimentos - FNCC - Frente Nacional de Combate ao C\u00e2ncer\" \/>\n<meta property=\"og:description\" content=\"Veja o depoimento de pessoas que recebem o auxilio da FNCC\" \/>\n<meta property=\"og:url\" content=\"https:\/\/validasite.com.br\/fncc\/depoimentos\/\" \/>\n<meta property=\"og:site_name\" content=\"FNCC - Frente Nacional de Combate ao C\u00e2ncer\" \/>\n<meta property=\"article:publisher\" content=\"https:\/\/www.facebook.com\/FNCCFrenteNacional\" \/>\n<meta property=\"article:modified_time\" content=\"2024-05-24T15:58:50+00:00\" \/>\n<meta property=\"og:image\" content=\"https:\/\/validasite.com.br\/fncc\/wp-content\/uploads\/2024\/05\/screenshot-4.png\" \/>\n\t<meta property=\"og:image:width\" content=\"1500\" \/>\n\t<meta property=\"og:image:height\" content=\"1500\" \/>\n\t<meta property=\"og:image:type\" content=\"image\/png\" \/>\n<meta name=\"twitter:card\" content=\"summary_large_image\" \/>\n<meta name=\"twitter:label1\" content=\"Est. tempo de leitura\" \/>\n\t<meta name=\"twitter:data1\" content=\"1 minuto\" \/>\n<script type=\"application\/ld+json\" class=\"yoast-schema-graph\">{\"@context\":\"https:\/\/schema.org\",\"@graph\":[{\"@type\":[\"Article\",\"BlogPosting\"],\"@id\":\"https:\/\/validasite.com.br\/fncc\/depoimentos\/#article\",\"isPartOf\":{\"@id\":\"https:\/\/validasite.com.br\/fncc\/depoimentos\/\"},\"author\":{\"name\":\"wf\",\"@id\":\"https:\/\/validasite.com.br\/fncc\/#\/schema\/person\/5f18269f1a1e8081988866288773e2b0\"},\"headline\":\"Depoimentos\",\"datePublished\":\"2024-05-02T14:10:18+00:00\",\"dateModified\":\"2024-05-24T15:58:50+00:00\",\"mainEntityOfPage\":{\"@id\":\"https:\/\/validasite.com.br\/fncc\/depoimentos\/\"},\"wordCount\":12,\"publisher\":{\"@id\":\"https:\/\/validasite.com.br\/fncc\/#organization\"},\"inLanguage\":\"pt-BR\"},{\"@type\":\"WebPage\",\"@id\":\"https:\/\/validasite.com.br\/fncc\/depoimentos\/\",\"url\":\"https:\/\/validasite.com.br\/fncc\/depoimentos\/\",\"name\":\"Depoimentos - FNCC - Frente Nacional de Combate ao C\u00e2ncer\",\"isPartOf\":{\"@id\":\"https:\/\/validasite.com.br\/fncc\/#website\"},\"datePublished\":\"2024-05-02T14:10:18+00:00\",\"dateModified\":\"2024-05-24T15:58:50+00:00\",\"description\":\"Veja o depoimento de pessoas que recebem o auxilio da FNCC\",\"breadcrumb\":{\"@id\":\"https:\/\/validasite.com.br\/fncc\/depoimentos\/#breadcrumb\"},\"inLanguage\":\"pt-BR\",\"potentialAction\":[{\"@type\":\"ReadAction\",\"target\":[\"https:\/\/validasite.com.br\/fncc\/depoimentos\/\"]}]},{\"@type\":\"BreadcrumbList\",\"@id\":\"https:\/\/validasite.com.br\/fncc\/depoimentos\/#breadcrumb\",\"itemListElement\":[{\"@type\":\"ListItem\",\"position\":1,\"name\":\"In\u00edcio\",\"item\":\"https:\/\/validasite.com.br\/fncc\/\"},{\"@type\":\"ListItem\",\"position\":2,\"name\":\"Depoimentos\"}]},{\"@type\":\"WebSite\",\"@id\":\"https:\/\/validasite.com.br\/fncc\/#website\",\"url\":\"https:\/\/validasite.com.br\/fncc\/\",\"name\":\"FNCC - Frente Nacional de Combate ao C\u00e2ncer\",\"description\":\"A FNCC \u00e9 uma institui\u00e7\u00e3o sem fins lucrativos premiada em todos as regi\u00f5es que opera no Brasil. Conhe\u00e7a um pouco sobre este importante trabalho e entre voc\u00ea tamb\u00e9m na luta contra o c\u00e2ncer. Apoie esta causa.\",\"publisher\":{\"@id\":\"https:\/\/validasite.com.br\/fncc\/#organization\"},\"alternateName\":\"FNCC\",\"potentialAction\":[{\"@type\":\"SearchAction\",\"target\":{\"@type\":\"EntryPoint\",\"urlTemplate\":\"https:\/\/validasite.com.br\/fncc\/?s={search_term_string}\"},\"query-input\":\"required name=search_term_string\"}],\"inLanguage\":\"pt-BR\"},{\"@type\":\"Organization\",\"@id\":\"https:\/\/validasite.com.br\/fncc\/#organization\",\"name\":\"FNCC\",\"alternateName\":\"Frente Nacional de Combate ao C\u00e2ncer\",\"url\":\"https:\/\/validasite.com.br\/fncc\/\",\"logo\":{\"@type\":\"ImageObject\",\"inLanguage\":\"pt-BR\",\"@id\":\"https:\/\/validasite.com.br\/fncc\/#\/schema\/logo\/image\/\",\"url\":\"https:\/\/validasite.com.br\/fncc\/wp-content\/uploads\/2024\/05\/screenshot-4.png\",\"contentUrl\":\"https:\/\/validasite.com.br\/fncc\/wp-content\/uploads\/2024\/05\/screenshot-4.png\",\"width\":1500,\"height\":1500,\"caption\":\"FNCC\"},\"image\":{\"@id\":\"https:\/\/validasite.com.br\/fncc\/#\/schema\/logo\/image\/\"},\"sameAs\":[\"https:\/\/www.facebook.com\/FNCCFrenteNacional\",\"https:\/\/www.instagram.com\/fnccnacional\/\"]},{\"@type\":\"Person\",\"@id\":\"https:\/\/validasite.com.br\/fncc\/#\/schema\/person\/5f18269f1a1e8081988866288773e2b0\",\"name\":\"wf\",\"image\":{\"@type\":\"ImageObject\",\"inLanguage\":\"pt-BR\",\"@id\":\"https:\/\/validasite.com.br\/fncc\/#\/schema\/person\/image\/\",\"url\":\"https:\/\/secure.gravatar.com\/avatar\/af5db5008fe343f8388505129e34bba4f5acf5fb848cbdd8606b15652735b53f?s=96&d=mm&r=g\",\"contentUrl\":\"https:\/\/secure.gravatar.com\/avatar\/af5db5008fe343f8388505129e34bba4f5acf5fb848cbdd8606b15652735b53f?s=96&d=mm&r=g\",\"caption\":\"wf\"},\"url\":\"https:\/\/validasite.com.br\/fncc\/author\/wf\/\"}]}<\/script>\n<!-- \/ Yoast SEO plugin. -->","yoast_head_json":{"title":"Depoimentos - FNCC - Frente Nacional de Combate ao C\u00e2ncer","description":"Veja o depoimento de pessoas que recebem o auxilio da FNCC","robots":{"index":"index","follow":"follow","max-snippet":"max-snippet:-1","max-image-preview":"max-image-preview:large","max-video-preview":"max-video-preview:-1"},"canonical":"https:\/\/validasite.com.br\/fncc\/depoimentos\/","og_locale":"pt_BR","og_type":"article","og_title":"Depoimentos - FNCC - Frente Nacional de Combate ao C\u00e2ncer","og_description":"Veja o depoimento de pessoas que recebem o auxilio da FNCC","og_url":"https:\/\/validasite.com.br\/fncc\/depoimentos\/","og_site_name":"FNCC - Frente Nacional de Combate ao C\u00e2ncer","article_publisher":"https:\/\/www.facebook.com\/FNCCFrenteNacional","article_modified_time":"2024-05-24T15:58:50+00:00","og_image":[{"width":1500,"height":1500,"url":"https:\/\/validasite.com.br\/fncc\/wp-content\/uploads\/2024\/05\/screenshot-4.png","type":"image\/png"}],"twitter_card":"summary_large_image","twitter_misc":{"Est. tempo de leitura":"1 minuto"},"schema":{"@context":"https:\/\/schema.org","@graph":[{"@type":["Article","BlogPosting"],"@id":"https:\/\/validasite.com.br\/fncc\/depoimentos\/#article","isPartOf":{"@id":"https:\/\/validasite.com.br\/fncc\/depoimentos\/"},"author":{"name":"wf","@id":"https:\/\/validasite.com.br\/fncc\/#\/schema\/person\/5f18269f1a1e8081988866288773e2b0"},"headline":"Depoimentos","datePublished":"2024-05-02T14:10:18+00:00","dateModified":"2024-05-24T15:58:50+00:00","mainEntityOfPage":{"@id":"https:\/\/validasite.com.br\/fncc\/depoimentos\/"},"wordCount":12,"publisher":{"@id":"https:\/\/validasite.com.br\/fncc\/#organization"},"inLanguage":"pt-BR"},{"@type":"WebPage","@id":"https:\/\/validasite.com.br\/fncc\/depoimentos\/","url":"https:\/\/validasite.com.br\/fncc\/depoimentos\/","name":"Depoimentos - FNCC - Frente Nacional de Combate ao C\u00e2ncer","isPartOf":{"@id":"https:\/\/validasite.com.br\/fncc\/#website"},"datePublished":"2024-05-02T14:10:18+00:00","dateModified":"2024-05-24T15:58:50+00:00","description":"Veja o depoimento de pessoas que recebem o auxilio da FNCC","breadcrumb":{"@id":"https:\/\/validasite.com.br\/fncc\/depoimentos\/#breadcrumb"},"inLanguage":"pt-BR","potentialAction":[{"@type":"ReadAction","target":["https:\/\/validasite.com.br\/fncc\/depoimentos\/"]}]},{"@type":"BreadcrumbList","@id":"https:\/\/validasite.com.br\/fncc\/depoimentos\/#breadcrumb","itemListElement":[{"@type":"ListItem","position":1,"name":"In\u00edcio","item":"https:\/\/validasite.com.br\/fncc\/"},{"@type":"ListItem","position":2,"name":"Depoimentos"}]},{"@type":"WebSite","@id":"https:\/\/validasite.com.br\/fncc\/#website","url":"https:\/\/validasite.com.br\/fncc\/","name":"FNCC - Frente Nacional de Combate ao C\u00e2ncer","description":"A FNCC \u00e9 uma institui\u00e7\u00e3o sem fins lucrativos premiada em todos as regi\u00f5es que opera no Brasil. Conhe\u00e7a um pouco sobre este importante trabalho e entre voc\u00ea tamb\u00e9m na luta contra o c\u00e2ncer. Apoie esta causa.","publisher":{"@id":"https:\/\/validasite.com.br\/fncc\/#organization"},"alternateName":"FNCC","potentialAction":[{"@type":"SearchAction","target":{"@type":"EntryPoint","urlTemplate":"https:\/\/validasite.com.br\/fncc\/?s={search_term_string}"},"query-input":"required name=search_term_string"}],"inLanguage":"pt-BR"},{"@type":"Organization","@id":"https:\/\/validasite.com.br\/fncc\/#organization","name":"FNCC","alternateName":"Frente Nacional de Combate ao C\u00e2ncer","url":"https:\/\/validasite.com.br\/fncc\/","logo":{"@type":"ImageObject","inLanguage":"pt-BR","@id":"https:\/\/validasite.com.br\/fncc\/#\/schema\/logo\/image\/","url":"https:\/\/validasite.com.br\/fncc\/wp-content\/uploads\/2024\/05\/screenshot-4.png","contentUrl":"https:\/\/validasite.com.br\/fncc\/wp-content\/uploads\/2024\/05\/screenshot-4.png","width":1500,"height":1500,"caption":"FNCC"},"image":{"@id":"https:\/\/validasite.com.br\/fncc\/#\/schema\/logo\/image\/"},"sameAs":["https:\/\/www.facebook.com\/FNCCFrenteNacional","https:\/\/www.instagram.com\/fnccnacional\/"]},{"@type":"Person","@id":"https:\/\/validasite.com.br\/fncc\/#\/schema\/person\/5f18269f1a1e8081988866288773e2b0","name":"wf","image":{"@type":"ImageObject","inLanguage":"pt-BR","@id":"https:\/\/validasite.com.br\/fncc\/#\/schema\/person\/image\/","url":"https:\/\/secure.gravatar.com\/avatar\/af5db5008fe343f8388505129e34bba4f5acf5fb848cbdd8606b15652735b53f?s=96&d=mm&r=g","contentUrl":"https:\/\/secure.gravatar.com\/avatar\/af5db5008fe343f8388505129e34bba4f5acf5fb848cbdd8606b15652735b53f?s=96&d=mm&r=g","caption":"wf"},"url":"https:\/\/validasite.com.br\/fncc\/author\/wf\/"}]}},"_links":{"self":[{"href":"https:\/\/validasite.com.br\/fncc\/wp-json\/wp\/v2\/pages\/553","targetHints":{"allow":["GET"]}}],"collection":[{"href":"https:\/\/validasite.com.br\/fncc\/wp-json\/wp\/v2\/pages"}],"about":[{"href":"https:\/\/validasite.com.br\/fncc\/wp-json\/wp\/v2\/types\/page"}],"author":[{"embeddable":true,"href":"https:\/\/validasite.com.br\/fncc\/wp-json\/wp\/v2\/users\/1"}],"replies":[{"embeddable":true,"href":"https:\/\/validasite.com.br\/fncc\/wp-json\/wp\/v2\/comments?post=553"}],"version-history":[{"count":4,"href":"https:\/\/validasite.com.br\/fncc\/wp-json\/wp\/v2\/pages\/553\/revisions"}],"predecessor-version":[{"id":768,"href":"https:\/\/validasite.com.br\/fncc\/wp-json\/wp\/v2\/pages\/553\/revisions\/768"}],"wp:attachment":[{"href":"https:\/\/validasite.com.br\/fncc\/wp-json\/wp\/v2\/media?parent=553"}],"curies":[{"name":"wp","href":"https:\/\/api.w.org\/{rel}","templated":true}]}}